{"id":2925,"date":"2025-03-04T21:07:57","date_gmt":"2025-03-04T21:07:57","guid":{"rendered":"https:\/\/hinoodles.es\/?page_id=2925"},"modified":"2025-03-05T11:09:50","modified_gmt":"2025-03-05T11:09:50","slug":"politica_privacidad","status":"publish","type":"page","link":"https:\/\/hinoodles.es\/en\/politica_privacidad\/","title":{"rendered":"politica_privacidad"},"content":{"rendered":"<div data-elementor-type=\"wp-page\" data-elementor-id=\"2925\" class=\"elementor elementor-2925\" data-elementor-post-type=\"page\">\n\t\t\t\t<div class=\"elementor-element elementor-element-856d087 e-flex e-con-boxed e-con e-parent\" data-id=\"856d087\" data-element_type=\"container\" data-e-type=\"container\">\n\t\t\t\t\t<div class=\"e-con-inner\">\n\t\t\t\t<div class=\"elementor-element elementor-element-3c78ba1 elementor-widget elementor-widget-heading\" data-id=\"3c78ba1\" data-element_type=\"widget\" data-e-type=\"widget\" data-widget_type=\"heading.default\">\n\t\t\t\t\t<h2 class=\"elementor-heading-title elementor-size-default\">Privacy policy<\/h2>\t\t\t\t<\/div>\n\t\t\t\t\t<\/div>\n\t\t\t\t<\/div>\n\t\t<div class=\"elementor-element elementor-element-f63172c e-flex e-con-boxed e-con e-parent\" data-id=\"f63172c\" data-element_type=\"container\" data-e-type=\"container\">\n\t\t\t\t\t<div class=\"e-con-inner\">\n\t\t\t\t<div class=\"elementor-element elementor-element-7465e05 elementor-widget elementor-widget-text-editor\" data-id=\"7465e05\" data-element_type=\"widget\" data-e-type=\"widget\" data-widget_type=\"text-editor.default\">\n\t\t\t\t\t\t\t\t\t<h3 data-start=\"134\" data-end=\"164\"><strong data-start=\"138\" data-end=\"164\">Privacy policy<\/strong><\/h3><p data-start=\"166\" data-end=\"185\"><strong data-start=\"166\" data-end=\"185\">1. Introduction<\/strong><\/p><p data-start=\"187\" data-end=\"540\">Asian Foods Hinoodles SL undertakes to protect the privacy of its clients and users in accordance with current regulations, including the Regulation (EU) 2016\/679 of the European Parliament and of the Council on the protection of individuals with regard to the processing of personal data and on the free movement of such data (RGPD).<\/p><p data-start=\"542\" data-end=\"566\"><strong data-start=\"542\" data-end=\"566\">2. Data Collected<\/strong><\/p><p data-start=\"568\" data-end=\"832\">We collect personal data such as name, email address, phone number, address, and other relevant information when the user interacts with our services (for example, when you make a purchase, subscribe to our newsletter or send in your CV).<\/p><p data-start=\"834\" data-end=\"862\"><strong data-start=\"834\" data-end=\"862\">3. Use of Information<\/strong><\/p><p data-start=\"864\" data-end=\"927\">The information collected is used for the following purposes:<\/p><ul data-start=\"928\" data-end=\"1113\"><li data-start=\"928\" data-end=\"969\">For the management of orders and services.<\/li><li data-start=\"970\" data-end=\"1007\">To communicate with the customers.<\/li><li data-start=\"1008\" data-end=\"1065\">To improve the user experience on our website.<\/li><li data-start=\"1066\" data-end=\"1110\">To comply with the legal obligations.<\/li><\/ul><p data-start=\"1114\" data-end=\"1156\"><strong data-start=\"1114\" data-end=\"1156\">4. Legal basis for the Processing of Data<\/strong><\/p><p data-start=\"1158\" data-end=\"1237\">The processing of personal data is based on the following legal bases:<\/p><ul data-start=\"1238\" data-end=\"1685\"><li data-start=\"1238\" data-end=\"1424\"><strong data-start=\"1240\" data-end=\"1268\">Explicit consent<\/strong>: When the user provides their data on a voluntary basis to interact with our service (for example, by sending a CV or by making an order).<\/li><li data-start=\"1425\" data-end=\"1583\"><strong data-start=\"1427\" data-end=\"1455\">Performance of a contract<\/strong>: In the event that the data are necessary for the performance of a contract (for example, to process an order of products).<\/li><li data-start=\"1584\" data-end=\"1685\"><strong data-start=\"1586\" data-end=\"1606\">Legitimate interest<\/strong>: To improve our services and the experience of the user on the web site.<\/li><\/ul><p data-start=\"1687\" data-end=\"1714\"><strong data-start=\"1687\" data-end=\"1714\">5. User&#039;s rights<\/strong><\/p><p data-start=\"1716\" data-end=\"1806\">According to the <strong data-start=\"1725\" data-end=\"1733\">RGPD<\/strong>users have the following rights regarding their personal data:<\/p><ul data-start=\"1807\" data-end=\"2493\"><li data-start=\"1807\" data-end=\"1899\"><strong data-start=\"1809\" data-end=\"1830\">Right of access<\/strong>: Request information about the data we have about the user.<\/li><li data-start=\"1900\" data-end=\"1989\"><strong data-start=\"1902\" data-end=\"1930\">Right to rectification<\/strong>: To request the correction of inaccurate or incomplete data.<\/li><li data-start=\"1990\" data-end=\"2127\"><strong data-start=\"1992\" data-end=\"2016\">Right to erasure<\/strong>: Request the deletion of your personal data, provided that there is a legitimate reason to keep it.<\/li><li data-start=\"2128\" data-end=\"2262\"><strong data-start=\"2130\" data-end=\"2173\">Right to restriction of processing<\/strong>: Request that their data are not processed by us under certain circumstances.<\/li><li data-start=\"2263\" data-end=\"2385\"><strong data-start=\"2265\" data-end=\"2294\">Right to portability<\/strong>: Obtain a copy of your personal data in a structured format commonly used.<\/li><li data-start=\"2386\" data-end=\"2490\"><strong data-start=\"2388\" data-end=\"2425\">The right to object to the processing<\/strong>: Request not to use your data for certain purposes.<\/li><\/ul><p data-start=\"2494\" data-end=\"2649\">To exercise any of these rights, the users can get in touch with us via e-mail <strong data-start=\"2622\" data-end=\"2648\"><a rel=\"noopener\" data-start=\"2624\" data-end=\"2646\">hinoodlesvlc@gmail.com<\/a><\/strong>.<\/p><p data-start=\"2651\" data-end=\"2698\"><strong data-start=\"2651\" data-end=\"2698\">6. Duration of Data Storage<\/strong><\/p><p data-start=\"2700\" data-end=\"2969\">The personal data will be kept for the time necessary to fulfill the purposes for which they were collected and, subsequently, during the period required by law. The data will be deleted when no longer necessary to fulfill these purposes.<\/p><p data-start=\"2971\" data-end=\"3000\"><strong data-start=\"2971\" data-end=\"3000\">7. Security of Data<\/strong><\/p><p data-start=\"3002\" data-end=\"3145\">We apply appropriate security measures to protect personal data against unauthorized access, alteration, disclosure or destruction.<\/p><p data-start=\"3147\" data-end=\"3190\"><strong data-start=\"3147\" data-end=\"3190\">8. International transfer of Data<\/strong><\/p><p data-start=\"3192\" data-end=\"3523\">In the event that we transfer personal data outside of the European Economic area (EEA), we will take all necessary measures to ensure that data is protected in accordance with the <strong data-start=\"3378\" data-end=\"3386\">RGPD<\/strong>. This includes the implementation of standard contractual clauses or the transfer services that provide appropriate guarantees.<\/p><p data-start=\"3525\" data-end=\"3539\"><strong data-start=\"3525\" data-end=\"3539\">9. Cookies<\/strong><\/p><p data-start=\"3541\" data-end=\"3795\">This website uses cookies to improve the user experience. You can manage the use of cookies via the settings of your browser. For more information, see our <a target=\"_new\" rel=\"noopener\" data-start=\"3733\" data-end=\"3794\">Cookie policy<\/a>.<\/p><p data-start=\"3797\" data-end=\"3848\"><strong data-start=\"3797\" data-end=\"3848\">10. Modifications of the Privacy Policy<\/strong><\/p><p data-start=\"3850\" data-end=\"4144\">This <strong data-start=\"3855\" data-end=\"3881\">Privacy policy<\/strong> you may be amended at any time to adapt to changes in the legislation or in our practices. Users will be notified of any relevant change and it is recommended to check this page periodically to be aware of the updates.<\/p><p data-start=\"4146\" data-end=\"4162\"><strong data-start=\"4146\" data-end=\"4162\">11. Contact<\/strong><\/p><p data-start=\"4164\" data-end=\"4333\">If you have any questions about this <strong data-start=\"4201\" data-end=\"4227\">Privacy policy<\/strong> or you wish to exercise your rights, you can contact us through the following means:<\/p><ul data-start=\"4335\" data-end=\"4568\"><li data-start=\"4335\" data-end=\"4381\"><strong data-start=\"4337\" data-end=\"4353\">Social Reason<\/strong>Asian Foods Hinoodles SL<\/li><li data-start=\"4382\" data-end=\"4453\"><strong data-start=\"4384\" data-end=\"4397\">Address<\/strong>: Av de Pius XII, 1, Campania, 46009 Val\u00e8ncia, Valencia<\/li><li data-start=\"4454\" data-end=\"4506\"><strong data-start=\"4456\" data-end=\"4478\">E-Mail<\/strong>: <strong data-start=\"4480\" data-end=\"4506\"><a rel=\"noopener\" data-start=\"4482\" data-end=\"4504\">hinoodlesvlc@gmail.com<\/a><\/strong><\/li><li data-start=\"4507\" data-end=\"4568\"><strong data-start=\"4509\" data-end=\"4522\">Website<\/strong>: <a href=\"https:\/\/hinoodles.es\/en\/\" target=\"_new\" rel=\"noopener\" data-start=\"4524\" data-end=\"4568\">https:\/\/hinoodles.es<\/a><\/li><\/ul>\t\t\t\t\t\t\t\t<\/div>\n\t\t\t\t\t<\/div>\n\t\t\t\t<\/div>\n\t\t\t\t<\/div>","protected":false},"excerpt":{"rendered":"<p>Pol\u00edtica de privacidad Pol\u00edtica de Privacidad 1. Introducci\u00f3n Asian Foods Hinoodles S.L. se compromete a proteger la privacidad de sus clientes y usuarios conforme a la normativa vigente, incluyendo el Reglamento (UE) 2016\/679 del Parlamento Europeo y del Consejo, relativo a la protecci\u00f3n de las personas f\u00edsicas en lo que respecta al tratamiento de datos [&hellip;]<\/p>\n","protected":false},"author":1,"featured_media":0,"parent":0,"menu_order":0,"comment_status":"closed","ping_status":"closed","template":"","meta":{"_acf_changed":false,"site-sidebar-layout":"no-sidebar","site-content-layout":"page-builder","ast-site-content-layout":"full-width-container","site-content-style":"unboxed","site-sidebar-style":"unboxed","ast-global-header-display":"","ast-banner-title-visibility":"","ast-main-header-display":"","ast-hfb-above-header-display":"","ast-hfb-below-header-display":"","ast-hfb-mobile-header-display":"","site-post-title":"disabled","ast-breadcrumbs-content":"","ast-featured-img":"disabled","footer-sml-layout":"","ast-disable-related-posts":"","theme-transparent-header-meta":"","adv-header-id-meta":"","stick-header-meta":"","header-above-stick-meta":"","header-main-stick-meta":"","header-below-stick-meta":"","astra-migrate-meta-layouts":"set","ast-page-background-enabled":"default","ast-page-background-meta":{"desktop":{"background-color":"var(--ast-global-color-4)","background-image":"","background-repeat":"repeat","background-position":"center center","background-size":"auto","background-attachment":"scroll","background-type":"","background-media":"","overlay-type":"","overlay-color":"","overlay-opacity":"","overlay-gradient":""},"tablet":{"background-color":"","background-image":"","background-repeat":"repeat","background-position":"center center","background-size":"auto","background-attachment":"scroll","background-type":"","background-media":"","overlay-type":"","overlay-color":"","overlay-opacity":"","overlay-gradient":""},"mobile":{"background-color":"","background-image":"","background-repeat":"repeat","background-position":"center center","background-size":"auto","background-attachment":"scroll","background-type":"","background-media":"","overlay-type":"","overlay-color":"","overlay-opacity":"","overlay-gradient":""}},"ast-content-background-meta":{"desktop":{"background-color":"var(--ast-global-color-5)","background-image":"","background-repeat":"repeat","background-position":"center center","background-size":"auto","background-attachment":"scroll","background-type":"","background-media":"","overlay-type":"","overlay-color":"","overlay-opacity":"","overlay-gradient":""},"tablet":{"background-color":"var(--ast-global-color-5)","background-image":"","background-repeat":"repeat","background-position":"center center","background-size":"auto","background-attachment":"scroll","background-type":"","background-media":"","overlay-type":"","overlay-color":"","overlay-opacity":"","overlay-gradient":""},"mobile":{"background-color":"var(--ast-global-color-5)","background-image":"","background-repeat":"repeat","background-position":"center center","background-size":"auto","background-attachment":"scroll","background-type":"","background-media":"","overlay-type":"","overlay-color":"","overlay-opacity":"","overlay-gradient":""}},"footnotes":""},"class_list":["post-2925","page","type-page","status-publish","hentry"],"acf":[],"yoast_head":"<!-- This site is optimized with the Yoast SEO plugin v27.4 - https:\/\/yoast.com\/product\/yoast-seo-wordpress\/ -->\n<title>politica_privacidad - Hi Noodles Valencia<\/title>\n<meta name=\"robots\" content=\"index, follow, max-snippet:-1, max-image-preview:large, max-video-preview:-1\" \/>\n<link rel=\"canonical\" href=\"https:\/\/hinoodles.es\/en\/politica_privacidad\/\" \/>\n<meta property=\"og:locale\" content=\"en_US\" \/>\n<meta property=\"og:type\" content=\"article\" \/>\n<meta property=\"og:title\" content=\"politica_privacidad - Hi Noodles Valencia\" \/>\n<meta property=\"og:description\" content=\"Pol\u00edtica de privacidad Pol\u00edtica de Privacidad 1. Introducci\u00f3n Asian Foods Hinoodles S.L. se compromete a proteger la privacidad de sus clientes y usuarios conforme a la normativa vigente, incluyendo el Reglamento (UE) 2016\/679 del Parlamento Europeo y del Consejo, relativo a la protecci\u00f3n de las personas f\u00edsicas en lo que respecta al tratamiento de datos [&hellip;]\" \/>\n<meta property=\"og:url\" content=\"https:\/\/hinoodles.es\/en\/politica_privacidad\/\" \/>\n<meta property=\"og:site_name\" content=\"Hi Noodles Valencia\" \/>\n<meta property=\"article:modified_time\" content=\"2025-03-05T11:09:50+00:00\" \/>\n<meta name=\"twitter:card\" content=\"summary_large_image\" \/>\n<meta name=\"twitter:label1\" content=\"Est. reading time\" \/>\n\t<meta name=\"twitter:data1\" content=\"3 minutes\" \/>\n<script type=\"application\/ld+json\" class=\"yoast-schema-graph\">{\"@context\":\"https:\\\/\\\/schema.org\",\"@graph\":[{\"@type\":\"WebPage\",\"@id\":\"https:\\\/\\\/hinoodles.es\\\/politica_privacidad\\\/\",\"url\":\"https:\\\/\\\/hinoodles.es\\\/politica_privacidad\\\/\",\"name\":\"politica_privacidad - Hi Noodles Valencia\",\"isPartOf\":{\"@id\":\"https:\\\/\\\/hinoodles.es\\\/#website\"},\"datePublished\":\"2025-03-04T21:07:57+00:00\",\"dateModified\":\"2025-03-05T11:09:50+00:00\",\"breadcrumb\":{\"@id\":\"https:\\\/\\\/hinoodles.es\\\/politica_privacidad\\\/#breadcrumb\"},\"inLanguage\":\"en-US\",\"potentialAction\":[{\"@type\":\"ReadAction\",\"target\":[\"https:\\\/\\\/hinoodles.es\\\/politica_privacidad\\\/\"]}]},{\"@type\":\"BreadcrumbList\",\"@id\":\"https:\\\/\\\/hinoodles.es\\\/politica_privacidad\\\/#breadcrumb\",\"itemListElement\":[{\"@type\":\"ListItem\",\"position\":1,\"name\":\"Portada\",\"item\":\"https:\\\/\\\/hinoodles.es\\\/\"},{\"@type\":\"ListItem\",\"position\":2,\"name\":\"politica_privacidad\"}]},{\"@type\":\"WebSite\",\"@id\":\"https:\\\/\\\/hinoodles.es\\\/#website\",\"url\":\"https:\\\/\\\/hinoodles.es\\\/\",\"name\":\"hinoodles.es\",\"description\":\"Bienvenido a un nuevo espacio de gusto en Valencia donde un nuevo estilo de comida asi\u00e1tica y tradicional se fusionan.\",\"publisher\":{\"@id\":\"https:\\\/\\\/hinoodles.es\\\/#organization\"},\"potentialAction\":[{\"@type\":\"SearchAction\",\"target\":{\"@type\":\"EntryPoint\",\"urlTemplate\":\"https:\\\/\\\/hinoodles.es\\\/?s={search_term_string}\"},\"query-input\":{\"@type\":\"PropertyValueSpecification\",\"valueRequired\":true,\"valueName\":\"search_term_string\"}}],\"inLanguage\":\"en-US\"},{\"@type\":\"Organization\",\"@id\":\"https:\\\/\\\/hinoodles.es\\\/#organization\",\"name\":\"hinoodles.es\",\"url\":\"https:\\\/\\\/hinoodles.es\\\/\",\"logo\":{\"@type\":\"ImageObject\",\"inLanguage\":\"en-US\",\"@id\":\"https:\\\/\\\/hinoodles.es\\\/#\\\/schema\\\/logo\\\/image\\\/\",\"url\":\"https:\\\/\\\/hinoodles.es\\\/wp-content\\\/uploads\\\/2025\\\/02\\\/Fondo_Hi_noodles.png\",\"contentUrl\":\"https:\\\/\\\/hinoodles.es\\\/wp-content\\\/uploads\\\/2025\\\/02\\\/Fondo_Hi_noodles.png\",\"width\":1728,\"height\":1728,\"caption\":\"hinoodles.es\"},\"image\":{\"@id\":\"https:\\\/\\\/hinoodles.es\\\/#\\\/schema\\\/logo\\\/image\\\/\"},\"sameAs\":[\"https:\\\/\\\/www.instagram.com\\\/hinoodles_valencia\\\/\"]}]}<\/script>\n<!-- \/ Yoast SEO plugin. -->","yoast_head_json":{"title":"politica_privacidad - Hi Noodles Valencia","robots":{"index":"index","follow":"follow","max-snippet":"max-snippet:-1","max-image-preview":"max-image-preview:large","max-video-preview":"max-video-preview:-1"},"canonical":"https:\/\/hinoodles.es\/en\/politica_privacidad\/","og_locale":"en_US","og_type":"article","og_title":"politica_privacidad - Hi Noodles Valencia","og_description":"Pol\u00edtica de privacidad Pol\u00edtica de Privacidad 1. Introducci\u00f3n Asian Foods Hinoodles S.L. se compromete a proteger la privacidad de sus clientes y usuarios conforme a la normativa vigente, incluyendo el Reglamento (UE) 2016\/679 del Parlamento Europeo y del Consejo, relativo a la protecci\u00f3n de las personas f\u00edsicas en lo que respecta al tratamiento de datos [&hellip;]","og_url":"https:\/\/hinoodles.es\/en\/politica_privacidad\/","og_site_name":"Hi Noodles Valencia","article_modified_time":"2025-03-05T11:09:50+00:00","twitter_card":"summary_large_image","twitter_misc":{"Est. reading time":"3 minutes"},"schema":{"@context":"https:\/\/schema.org","@graph":[{"@type":"WebPage","@id":"https:\/\/hinoodles.es\/politica_privacidad\/","url":"https:\/\/hinoodles.es\/politica_privacidad\/","name":"politica_privacidad - Hi Noodles Valencia","isPartOf":{"@id":"https:\/\/hinoodles.es\/#website"},"datePublished":"2025-03-04T21:07:57+00:00","dateModified":"2025-03-05T11:09:50+00:00","breadcrumb":{"@id":"https:\/\/hinoodles.es\/politica_privacidad\/#breadcrumb"},"inLanguage":"en-US","potentialAction":[{"@type":"ReadAction","target":["https:\/\/hinoodles.es\/politica_privacidad\/"]}]},{"@type":"BreadcrumbList","@id":"https:\/\/hinoodles.es\/politica_privacidad\/#breadcrumb","itemListElement":[{"@type":"ListItem","position":1,"name":"Portada","item":"https:\/\/hinoodles.es\/"},{"@type":"ListItem","position":2,"name":"politica_privacidad"}]},{"@type":"WebSite","@id":"https:\/\/hinoodles.es\/#website","url":"https:\/\/hinoodles.es\/","name":"hinoodles.es","description":"Bienvenido a un nuevo espacio de gusto en Valencia donde un nuevo estilo de comida asi\u00e1tica y tradicional se fusionan.","publisher":{"@id":"https:\/\/hinoodles.es\/#organization"},"potentialAction":[{"@type":"SearchAction","target":{"@type":"EntryPoint","urlTemplate":"https:\/\/hinoodles.es\/?s={search_term_string}"},"query-input":{"@type":"PropertyValueSpecification","valueRequired":true,"valueName":"search_term_string"}}],"inLanguage":"en-US"},{"@type":"Organization","@id":"https:\/\/hinoodles.es\/#organization","name":"hinoodles.es","url":"https:\/\/hinoodles.es\/","logo":{"@type":"ImageObject","inLanguage":"en-US","@id":"https:\/\/hinoodles.es\/#\/schema\/logo\/image\/","url":"https:\/\/hinoodles.es\/wp-content\/uploads\/2025\/02\/Fondo_Hi_noodles.png","contentUrl":"https:\/\/hinoodles.es\/wp-content\/uploads\/2025\/02\/Fondo_Hi_noodles.png","width":1728,"height":1728,"caption":"hinoodles.es"},"image":{"@id":"https:\/\/hinoodles.es\/#\/schema\/logo\/image\/"},"sameAs":["https:\/\/www.instagram.com\/hinoodles_valencia\/"]}]}},"_links":{"self":[{"href":"https:\/\/hinoodles.es\/en\/wp-json\/wp\/v2\/pages\/2925","targetHints":{"allow":["GET"]}}],"collection":[{"href":"https:\/\/hinoodles.es\/en\/wp-json\/wp\/v2\/pages"}],"about":[{"href":"https:\/\/hinoodles.es\/en\/wp-json\/wp\/v2\/types\/page"}],"author":[{"embeddable":true,"href":"https:\/\/hinoodles.es\/en\/wp-json\/wp\/v2\/users\/1"}],"replies":[{"embeddable":true,"href":"https:\/\/hinoodles.es\/en\/wp-json\/wp\/v2\/comments?post=2925"}],"version-history":[{"count":8,"href":"https:\/\/hinoodles.es\/en\/wp-json\/wp\/v2\/pages\/2925\/revisions"}],"predecessor-version":[{"id":3024,"href":"https:\/\/hinoodles.es\/en\/wp-json\/wp\/v2\/pages\/2925\/revisions\/3024"}],"wp:attachment":[{"href":"https:\/\/hinoodles.es\/en\/wp-json\/wp\/v2\/media?parent=2925"}],"curies":[{"name":"wp","href":"https:\/\/api.w.org\/{rel}","templated":true}]}}