{"id":2931,"date":"2025-03-04T21:15:22","date_gmt":"2025-03-04T21:15:22","guid":{"rendered":"https:\/\/hinoodles.es\/?page_id=2931"},"modified":"2025-03-05T11:08:55","modified_gmt":"2025-03-05T11:08:55","slug":"politica_empleo","status":"publish","type":"page","link":"https:\/\/hinoodles.es\/en\/politica_empleo\/","title":{"rendered":"politica_empleo"},"content":{"rendered":"\t\t<div data-elementor-type=\"wp-page\" data-elementor-id=\"2931\" class=\"elementor elementor-2931\" data-elementor-post-type=\"page\">\n\t\t\t\t<div class=\"elementor-element elementor-element-bf24b64 e-flex e-con-boxed e-con e-parent\" data-id=\"bf24b64\" data-element_type=\"container\" data-e-type=\"container\">\n\t\t\t\t\t<div class=\"e-con-inner\">\n\t\t\t\t<div class=\"elementor-element elementor-element-3525585 elementor-widget elementor-widget-heading\" data-id=\"3525585\" data-element_type=\"widget\" data-e-type=\"widget\" data-widget_type=\"heading.default\">\n\t\t\t\t\t<h2 class=\"elementor-heading-title elementor-size-default\">Pol\u00edtica de empleo<\/h2>\t\t\t\t<\/div>\n\t\t\t\t\t<\/div>\n\t\t\t\t<\/div>\n\t\t<div class=\"elementor-element elementor-element-d4271ba e-flex e-con-boxed e-con e-parent\" data-id=\"d4271ba\" data-element_type=\"container\" data-e-type=\"container\">\n\t\t\t\t\t<div class=\"e-con-inner\">\n\t\t\t\t<div class=\"elementor-element elementor-element-31a317a elementor-widget elementor-widget-text-editor\" data-id=\"31a317a\" data-element_type=\"widget\" data-e-type=\"widget\" data-widget_type=\"text-editor.default\">\n\t\t\t\t\t\t\t\t\t<p data-pm-slice=\"1 1 []\"><strong>1. Introducci\u00f3n<\/strong><\/p><p data-pm-slice=\"1 1 []\"> En <strong>Asian Foods Hinoodles S.L.<\/strong> estamos comprometidos con el desarrollo profesional de nuestros empleados y el cumplimiento de las normativas laborales vigentes. Esta pol\u00edtica de empleo establece las condiciones de trabajo, derechos y obligaciones tanto de la empresa como de sus trabajadores.<\/p>\n<p><strong>2. Principios Generales<\/strong><\/p>\n<ul data-spread=\"false\">\n<li>\n<p>Igualdad de oportunidades sin distinci\u00f3n de raza, g\u00e9nero, religi\u00f3n o discapacidad.<\/p>\n<\/li>\n<li>\n<p>Ambiente de trabajo seguro y saludable.<\/p>\n<\/li>\n<li>\n<p>Desarrollo profesional y capacitaci\u00f3n continua.<\/p>\n<\/li>\n<\/ul>\n<p><strong>3. Proceso de Selecci\u00f3n<\/strong> La contrataci\u00f3n se basa en criterios de idoneidad y experiencia para el puesto, promoviendo la transparencia y la equidad en el proceso.<\/p>\n<p><strong>4. Derechos y Obligaciones<\/strong><\/p>\n<ul data-spread=\"false\">\n<li>\n<p>Los empleados tienen derecho a un salario justo, formaci\u00f3n y un entorno de trabajo digno.<\/p>\n<\/li>\n<li>\n<p>Se espera de los empleados compromiso, respeto y cumplimiento de las normas internas.<\/p>\n<\/li>\n<\/ul>\n<p><strong>5. Pol\u00edticas de No Discriminaci\u00f3n y Acoso<\/strong> Se proh\u00edbe cualquier tipo de discriminaci\u00f3n o acoso en el lugar de trabajo. Cualquier denuncia ser\u00e1 tratada con la debida confidencialidad.<\/p>\n<p><strong>6. Contacto<\/strong> Para consultas sobre esta pol\u00edtica, puede dirigirse a hinoodlesvlc@gmail.com o visitar nuestra web [<a>https:\/\/hinoodles.es<\/a>].<\/p>\n<p><\/p>\n<div>\n<hr>\n<\/div>\t\t\t\t\t\t\t\t<\/div>\n\t\t\t\t\t<\/div>\n\t\t\t\t<\/div>\n\t\t\t\t<\/div>\n\t\t","protected":false},"excerpt":{"rendered":"<p>Pol\u00edtica de empleo 1. Introducci\u00f3n En Asian Foods Hinoodles S.L. estamos comprometidos con el desarrollo profesional de nuestros empleados y el cumplimiento de las normativas laborales vigentes. Esta pol\u00edtica de empleo establece las condiciones de trabajo, derechos y obligaciones tanto de la empresa como de sus trabajadores. 2. Principios Generales Igualdad de oportunidades sin distinci\u00f3n [&hellip;]<\/p>\n","protected":false},"author":1,"featured_media":0,"parent":0,"menu_order":0,"comment_status":"closed","ping_status":"closed","template":"","meta":{"_acf_changed":false,"site-sidebar-layout":"no-sidebar","site-content-layout":"page-builder","ast-site-content-layout":"full-width-container","site-content-style":"unboxed","site-sidebar-style":"unboxed","ast-global-header-display":"","ast-banner-title-visibility":"","ast-main-header-display":"","ast-hfb-above-header-display":"","ast-hfb-below-header-display":"","ast-hfb-mobile-header-display":"","site-post-title":"disabled","ast-breadcrumbs-content":"","ast-featured-img":"disabled","footer-sml-layout":"","ast-disable-related-posts":"","theme-transparent-header-meta":"","adv-header-id-meta":"","stick-header-meta":"","header-above-stick-meta":"","header-main-stick-meta":"","header-below-stick-meta":"","astra-migrate-meta-layouts":"set","ast-page-background-enabled":"default","ast-page-background-meta":{"desktop":{"background-color":"var(--ast-global-color-4)","background-image":"","background-repeat":"repeat","background-position":"center center","background-size":"auto","background-attachment":"scroll","background-type":"","background-media":"","overlay-type":"","overlay-color":"","overlay-opacity":"","overlay-gradient":""},"tablet":{"background-color":"","background-image":"","background-repeat":"repeat","background-position":"center center","background-size":"auto","background-attachment":"scroll","background-type":"","background-media":"","overlay-type":"","overlay-color":"","overlay-opacity":"","overlay-gradient":""},"mobile":{"background-color":"","background-image":"","background-repeat":"repeat","background-position":"center center","background-size":"auto","background-attachment":"scroll","background-type":"","background-media":"","overlay-type":"","overlay-color":"","overlay-opacity":"","overlay-gradient":""}},"ast-content-background-meta":{"desktop":{"background-color":"var(--ast-global-color-5)","background-image":"","background-repeat":"repeat","background-position":"center center","background-size":"auto","background-attachment":"scroll","background-type":"","background-media":"","overlay-type":"","overlay-color":"","overlay-opacity":"","overlay-gradient":""},"tablet":{"background-color":"var(--ast-global-color-5)","background-image":"","background-repeat":"repeat","background-position":"center center","background-size":"auto","background-attachment":"scroll","background-type":"","background-media":"","overlay-type":"","overlay-color":"","overlay-opacity":"","overlay-gradient":""},"mobile":{"background-color":"var(--ast-global-color-5)","background-image":"","background-repeat":"repeat","background-position":"center center","background-size":"auto","background-attachment":"scroll","background-type":"","background-media":"","overlay-type":"","overlay-color":"","overlay-opacity":"","overlay-gradient":""}},"footnotes":""},"class_list":["post-2931","page","type-page","status-publish","hentry"],"acf":[],"yoast_head":"<!-- This site is optimized with the Yoast SEO plugin v27.4 - https:\/\/yoast.com\/product\/yoast-seo-wordpress\/ -->\n<title>politica_empleo - Hi Noodles Valencia<\/title>\n<meta name=\"robots\" content=\"index, follow, max-snippet:-1, max-image-preview:large, max-video-preview:-1\" \/>\n<link rel=\"canonical\" href=\"https:\/\/hinoodles.es\/en\/politica_empleo\/\" \/>\n<meta property=\"og:locale\" content=\"en_US\" \/>\n<meta property=\"og:type\" content=\"article\" \/>\n<meta property=\"og:title\" content=\"politica_empleo - Hi Noodles Valencia\" \/>\n<meta property=\"og:description\" content=\"Pol\u00edtica de empleo 1. Introducci\u00f3n En Asian Foods Hinoodles S.L. estamos comprometidos con el desarrollo profesional de nuestros empleados y el cumplimiento de las normativas laborales vigentes. Esta pol\u00edtica de empleo establece las condiciones de trabajo, derechos y obligaciones tanto de la empresa como de sus trabajadores. 2. Principios Generales Igualdad de oportunidades sin distinci\u00f3n [&hellip;]\" \/>\n<meta property=\"og:url\" content=\"https:\/\/hinoodles.es\/en\/politica_empleo\/\" \/>\n<meta property=\"og:site_name\" content=\"Hi Noodles Valencia\" \/>\n<meta property=\"article:modified_time\" content=\"2025-03-05T11:08:55+00:00\" \/>\n<meta name=\"twitter:card\" content=\"summary_large_image\" \/>\n<meta name=\"twitter:label1\" content=\"Est. reading time\" \/>\n\t<meta name=\"twitter:data1\" content=\"1 minute\" \/>\n<script type=\"application\/ld+json\" class=\"yoast-schema-graph\">{\"@context\":\"https:\\\/\\\/schema.org\",\"@graph\":[{\"@type\":\"WebPage\",\"@id\":\"https:\\\/\\\/hinoodles.es\\\/politica_empleo\\\/\",\"url\":\"https:\\\/\\\/hinoodles.es\\\/politica_empleo\\\/\",\"name\":\"politica_empleo - Hi Noodles Valencia\",\"isPartOf\":{\"@id\":\"https:\\\/\\\/hinoodles.es\\\/#website\"},\"datePublished\":\"2025-03-04T21:15:22+00:00\",\"dateModified\":\"2025-03-05T11:08:55+00:00\",\"breadcrumb\":{\"@id\":\"https:\\\/\\\/hinoodles.es\\\/politica_empleo\\\/#breadcrumb\"},\"inLanguage\":\"en-US\",\"potentialAction\":[{\"@type\":\"ReadAction\",\"target\":[\"https:\\\/\\\/hinoodles.es\\\/politica_empleo\\\/\"]}]},{\"@type\":\"BreadcrumbList\",\"@id\":\"https:\\\/\\\/hinoodles.es\\\/politica_empleo\\\/#breadcrumb\",\"itemListElement\":[{\"@type\":\"ListItem\",\"position\":1,\"name\":\"Portada\",\"item\":\"https:\\\/\\\/hinoodles.es\\\/\"},{\"@type\":\"ListItem\",\"position\":2,\"name\":\"politica_empleo\"}]},{\"@type\":\"WebSite\",\"@id\":\"https:\\\/\\\/hinoodles.es\\\/#website\",\"url\":\"https:\\\/\\\/hinoodles.es\\\/\",\"name\":\"hinoodles.es\",\"description\":\"Bienvenido a un nuevo espacio de gusto en Valencia donde un nuevo estilo de comida asi\u00e1tica y tradicional se fusionan.\",\"publisher\":{\"@id\":\"https:\\\/\\\/hinoodles.es\\\/#organization\"},\"potentialAction\":[{\"@type\":\"SearchAction\",\"target\":{\"@type\":\"EntryPoint\",\"urlTemplate\":\"https:\\\/\\\/hinoodles.es\\\/?s={search_term_string}\"},\"query-input\":{\"@type\":\"PropertyValueSpecification\",\"valueRequired\":true,\"valueName\":\"search_term_string\"}}],\"inLanguage\":\"en-US\"},{\"@type\":\"Organization\",\"@id\":\"https:\\\/\\\/hinoodles.es\\\/#organization\",\"name\":\"hinoodles.es\",\"url\":\"https:\\\/\\\/hinoodles.es\\\/\",\"logo\":{\"@type\":\"ImageObject\",\"inLanguage\":\"en-US\",\"@id\":\"https:\\\/\\\/hinoodles.es\\\/#\\\/schema\\\/logo\\\/image\\\/\",\"url\":\"https:\\\/\\\/hinoodles.es\\\/wp-content\\\/uploads\\\/2025\\\/02\\\/Fondo_Hi_noodles.png\",\"contentUrl\":\"https:\\\/\\\/hinoodles.es\\\/wp-content\\\/uploads\\\/2025\\\/02\\\/Fondo_Hi_noodles.png\",\"width\":1728,\"height\":1728,\"caption\":\"hinoodles.es\"},\"image\":{\"@id\":\"https:\\\/\\\/hinoodles.es\\\/#\\\/schema\\\/logo\\\/image\\\/\"},\"sameAs\":[\"https:\\\/\\\/www.instagram.com\\\/hinoodles_valencia\\\/\"]}]}<\/script>\n<!-- \/ Yoast SEO plugin. -->","yoast_head_json":{"title":"politica_empleo - Hi Noodles Valencia","robots":{"index":"index","follow":"follow","max-snippet":"max-snippet:-1","max-image-preview":"max-image-preview:large","max-video-preview":"max-video-preview:-1"},"canonical":"https:\/\/hinoodles.es\/en\/politica_empleo\/","og_locale":"en_US","og_type":"article","og_title":"politica_empleo - Hi Noodles Valencia","og_description":"Pol\u00edtica de empleo 1. Introducci\u00f3n En Asian Foods Hinoodles S.L. estamos comprometidos con el desarrollo profesional de nuestros empleados y el cumplimiento de las normativas laborales vigentes. Esta pol\u00edtica de empleo establece las condiciones de trabajo, derechos y obligaciones tanto de la empresa como de sus trabajadores. 2. Principios Generales Igualdad de oportunidades sin distinci\u00f3n [&hellip;]","og_url":"https:\/\/hinoodles.es\/en\/politica_empleo\/","og_site_name":"Hi Noodles Valencia","article_modified_time":"2025-03-05T11:08:55+00:00","twitter_card":"summary_large_image","twitter_misc":{"Est. reading time":"1 minute"},"schema":{"@context":"https:\/\/schema.org","@graph":[{"@type":"WebPage","@id":"https:\/\/hinoodles.es\/politica_empleo\/","url":"https:\/\/hinoodles.es\/politica_empleo\/","name":"politica_empleo - Hi Noodles Valencia","isPartOf":{"@id":"https:\/\/hinoodles.es\/#website"},"datePublished":"2025-03-04T21:15:22+00:00","dateModified":"2025-03-05T11:08:55+00:00","breadcrumb":{"@id":"https:\/\/hinoodles.es\/politica_empleo\/#breadcrumb"},"inLanguage":"en-US","potentialAction":[{"@type":"ReadAction","target":["https:\/\/hinoodles.es\/politica_empleo\/"]}]},{"@type":"BreadcrumbList","@id":"https:\/\/hinoodles.es\/politica_empleo\/#breadcrumb","itemListElement":[{"@type":"ListItem","position":1,"name":"Portada","item":"https:\/\/hinoodles.es\/"},{"@type":"ListItem","position":2,"name":"politica_empleo"}]},{"@type":"WebSite","@id":"https:\/\/hinoodles.es\/#website","url":"https:\/\/hinoodles.es\/","name":"hinoodles.es","description":"Bienvenido a un nuevo espacio de gusto en Valencia donde un nuevo estilo de comida asi\u00e1tica y tradicional se fusionan.","publisher":{"@id":"https:\/\/hinoodles.es\/#organization"},"potentialAction":[{"@type":"SearchAction","target":{"@type":"EntryPoint","urlTemplate":"https:\/\/hinoodles.es\/?s={search_term_string}"},"query-input":{"@type":"PropertyValueSpecification","valueRequired":true,"valueName":"search_term_string"}}],"inLanguage":"en-US"},{"@type":"Organization","@id":"https:\/\/hinoodles.es\/#organization","name":"hinoodles.es","url":"https:\/\/hinoodles.es\/","logo":{"@type":"ImageObject","inLanguage":"en-US","@id":"https:\/\/hinoodles.es\/#\/schema\/logo\/image\/","url":"https:\/\/hinoodles.es\/wp-content\/uploads\/2025\/02\/Fondo_Hi_noodles.png","contentUrl":"https:\/\/hinoodles.es\/wp-content\/uploads\/2025\/02\/Fondo_Hi_noodles.png","width":1728,"height":1728,"caption":"hinoodles.es"},"image":{"@id":"https:\/\/hinoodles.es\/#\/schema\/logo\/image\/"},"sameAs":["https:\/\/www.instagram.com\/hinoodles_valencia\/"]}]}},"_links":{"self":[{"href":"https:\/\/hinoodles.es\/en\/wp-json\/wp\/v2\/pages\/2931","targetHints":{"allow":["GET"]}}],"collection":[{"href":"https:\/\/hinoodles.es\/en\/wp-json\/wp\/v2\/pages"}],"about":[{"href":"https:\/\/hinoodles.es\/en\/wp-json\/wp\/v2\/types\/page"}],"author":[{"embeddable":true,"href":"https:\/\/hinoodles.es\/en\/wp-json\/wp\/v2\/users\/1"}],"replies":[{"embeddable":true,"href":"https:\/\/hinoodles.es\/en\/wp-json\/wp\/v2\/comments?post=2931"}],"version-history":[{"count":8,"href":"https:\/\/hinoodles.es\/en\/wp-json\/wp\/v2\/pages\/2931\/revisions"}],"predecessor-version":[{"id":3020,"href":"https:\/\/hinoodles.es\/en\/wp-json\/wp\/v2\/pages\/2931\/revisions\/3020"}],"wp:attachment":[{"href":"https:\/\/hinoodles.es\/en\/wp-json\/wp\/v2\/media?parent=2931"}],"curies":[{"name":"wp","href":"https:\/\/api.w.org\/{rel}","templated":true}]}}