{"id":2936,"date":"2025-03-04T21:17:03","date_gmt":"2025-03-04T21:17:03","guid":{"rendered":"https:\/\/hinoodles.es\/?page_id=2936"},"modified":"2025-03-05T11:10:13","modified_gmt":"2025-03-05T11:10:13","slug":"politica_redes","status":"publish","type":"page","link":"https:\/\/hinoodles.es\/en\/politica_redes\/","title":{"rendered":"politica_redes"},"content":{"rendered":"\t\t<div data-elementor-type=\"wp-page\" data-elementor-id=\"2936\" class=\"elementor elementor-2936\" data-elementor-post-type=\"page\">\n\t\t\t\t<div class=\"elementor-element elementor-element-bdb5046 e-flex e-con-boxed e-con e-parent\" data-id=\"bdb5046\" data-element_type=\"container\" data-e-type=\"container\">\n\t\t\t\t\t<div class=\"e-con-inner\">\n\t\t\t\t<div class=\"elementor-element elementor-element-0a4e754 elementor-widget elementor-widget-heading\" data-id=\"0a4e754\" data-element_type=\"widget\" data-e-type=\"widget\" data-widget_type=\"heading.default\">\n\t\t\t\t\t<h2 class=\"elementor-heading-title elementor-size-default\">Pol\u00edtica redes sociales<\/h2>\t\t\t\t<\/div>\n\t\t\t\t<div class=\"elementor-element elementor-element-56311d0 elementor-widget elementor-widget-text-editor\" data-id=\"56311d0\" data-element_type=\"widget\" data-e-type=\"widget\" data-widget_type=\"text-editor.default\">\n\t\t\t\t\t\t\t\t\t<p data-pm-slice=\"1 1 []\"><strong>Pol\u00edtica de Redes Sociales<\/strong><\/p><p><strong>1. Objetivo<\/strong> Esta pol\u00edtica regula el uso de redes sociales por parte de empleados y usuarios en relaci\u00f3n con <strong>Asian Foods Hinoodles S.L.<\/strong> y su imagen corporativa.<\/p><p><strong>2. Normas de Uso<\/strong><\/p><ul data-spread=\"false\"><li><p>Se debe mantener una conducta respetuosa en todas las interacciones online.<\/p><\/li><li><p>No est\u00e1 permitido divulgar informaci\u00f3n confidencial de la empresa.<\/p><\/li><li><p>Los empleados deben aclarar que sus opiniones son personales y no representan a la empresa.<\/p><\/li><\/ul><p><strong>3. Propiedad Intelectual<\/strong> Todo el contenido publicado en nuestras redes es propiedad de <strong>Asian Foods Hinoodles S.L.<\/strong> y no puede ser utilizado sin autorizaci\u00f3n.<\/p><p><strong>4. Sanciones<\/strong> El incumplimiento de esta pol\u00edtica puede conllevar sanciones disciplinarias o legales.<\/p><p><strong>5. Contacto<\/strong> Para dudas sobre redes sociales, cont\u00e1ctenos a hinoodlesvlc@gmail.com o visite [<a href=\"https:\/\/hinoodles.es\">https:\/\/hinoodles.es<\/a>].<\/p>\t\t\t\t\t\t\t\t<\/div>\n\t\t\t\t\t<\/div>\n\t\t\t\t<\/div>\n\t\t\t\t<\/div>\n\t\t","protected":false},"excerpt":{"rendered":"<p>Pol\u00edtica redes sociales Pol\u00edtica de Redes Sociales 1. Objetivo Esta pol\u00edtica regula el uso de redes sociales por parte de empleados y usuarios en relaci\u00f3n con Asian Foods Hinoodles S.L. y su imagen corporativa. 2. Normas de Uso Se debe mantener una conducta respetuosa en todas las interacciones online. No est\u00e1 permitido divulgar informaci\u00f3n confidencial [&hellip;]<\/p>\n","protected":false},"author":1,"featured_media":0,"parent":0,"menu_order":0,"comment_status":"closed","ping_status":"closed","template":"","meta":{"_acf_changed":false,"site-sidebar-layout":"no-sidebar","site-content-layout":"page-builder","ast-site-content-layout":"full-width-container","site-content-style":"unboxed","site-sidebar-style":"unboxed","ast-global-header-display":"","ast-banner-title-visibility":"","ast-main-header-display":"","ast-hfb-above-header-display":"","ast-hfb-below-header-display":"","ast-hfb-mobile-header-display":"","site-post-title":"disabled","ast-breadcrumbs-content":"","ast-featured-img":"disabled","footer-sml-layout":"","ast-disable-related-posts":"","theme-transparent-header-meta":"","adv-header-id-meta":"","stick-header-meta":"","header-above-stick-meta":"","header-main-stick-meta":"","header-below-stick-meta":"","astra-migrate-meta-layouts":"set","ast-page-background-enabled":"default","ast-page-background-meta":{"desktop":{"background-color":"var(--ast-global-color-4)","background-image":"","background-repeat":"repeat","background-position":"center center","background-size":"auto","background-attachment":"scroll","background-type":"","background-media":"","overlay-type":"","overlay-color":"","overlay-opacity":"","overlay-gradient":""},"tablet":{"background-color":"","background-image":"","background-repeat":"repeat","background-position":"center center","background-size":"auto","background-attachment":"scroll","background-type":"","background-media":"","overlay-type":"","overlay-color":"","overlay-opacity":"","overlay-gradient":""},"mobile":{"background-color":"","background-image":"","background-repeat":"repeat","background-position":"center center","background-size":"auto","background-attachment":"scroll","background-type":"","background-media":"","overlay-type":"","overlay-color":"","overlay-opacity":"","overlay-gradient":""}},"ast-content-background-meta":{"desktop":{"background-color":"var(--ast-global-color-5)","background-image":"","background-repeat":"repeat","background-position":"center center","background-size":"auto","background-attachment":"scroll","background-type":"","background-media":"","overlay-type":"","overlay-color":"","overlay-opacity":"","overlay-gradient":""},"tablet":{"background-color":"var(--ast-global-color-5)","background-image":"","background-repeat":"repeat","background-position":"center center","background-size":"auto","background-attachment":"scroll","background-type":"","background-media":"","overlay-type":"","overlay-color":"","overlay-opacity":"","overlay-gradient":""},"mobile":{"background-color":"var(--ast-global-color-5)","background-image":"","background-repeat":"repeat","background-position":"center center","background-size":"auto","background-attachment":"scroll","background-type":"","background-media":"","overlay-type":"","overlay-color":"","overlay-opacity":"","overlay-gradient":""}},"footnotes":""},"class_list":["post-2936","page","type-page","status-publish","hentry"],"acf":[],"yoast_head":"<!-- This site is optimized with the Yoast SEO plugin v27.4 - https:\/\/yoast.com\/product\/yoast-seo-wordpress\/ -->\n<title>politica_redes - Hi Noodles Valencia<\/title>\n<meta name=\"robots\" content=\"index, follow, max-snippet:-1, max-image-preview:large, max-video-preview:-1\" \/>\n<link rel=\"canonical\" href=\"https:\/\/hinoodles.es\/en\/politica_redes\/\" \/>\n<meta property=\"og:locale\" content=\"en_US\" \/>\n<meta property=\"og:type\" content=\"article\" \/>\n<meta property=\"og:title\" content=\"politica_redes - Hi Noodles Valencia\" \/>\n<meta property=\"og:description\" content=\"Pol\u00edtica redes sociales Pol\u00edtica de Redes Sociales 1. Objetivo Esta pol\u00edtica regula el uso de redes sociales por parte de empleados y usuarios en relaci\u00f3n con Asian Foods Hinoodles S.L. y su imagen corporativa. 2. Normas de Uso Se debe mantener una conducta respetuosa en todas las interacciones online. No est\u00e1 permitido divulgar informaci\u00f3n confidencial [&hellip;]\" \/>\n<meta property=\"og:url\" content=\"https:\/\/hinoodles.es\/en\/politica_redes\/\" \/>\n<meta property=\"og:site_name\" content=\"Hi Noodles Valencia\" \/>\n<meta property=\"article:modified_time\" content=\"2025-03-05T11:10:13+00:00\" \/>\n<meta name=\"twitter:card\" content=\"summary_large_image\" \/>\n<meta name=\"twitter:label1\" content=\"Est. reading time\" \/>\n\t<meta name=\"twitter:data1\" content=\"1 minute\" \/>\n<script type=\"application\/ld+json\" class=\"yoast-schema-graph\">{\"@context\":\"https:\\\/\\\/schema.org\",\"@graph\":[{\"@type\":\"WebPage\",\"@id\":\"https:\\\/\\\/hinoodles.es\\\/politica_redes\\\/\",\"url\":\"https:\\\/\\\/hinoodles.es\\\/politica_redes\\\/\",\"name\":\"politica_redes - Hi Noodles Valencia\",\"isPartOf\":{\"@id\":\"https:\\\/\\\/hinoodles.es\\\/#website\"},\"datePublished\":\"2025-03-04T21:17:03+00:00\",\"dateModified\":\"2025-03-05T11:10:13+00:00\",\"breadcrumb\":{\"@id\":\"https:\\\/\\\/hinoodles.es\\\/politica_redes\\\/#breadcrumb\"},\"inLanguage\":\"en-US\",\"potentialAction\":[{\"@type\":\"ReadAction\",\"target\":[\"https:\\\/\\\/hinoodles.es\\\/politica_redes\\\/\"]}]},{\"@type\":\"BreadcrumbList\",\"@id\":\"https:\\\/\\\/hinoodles.es\\\/politica_redes\\\/#breadcrumb\",\"itemListElement\":[{\"@type\":\"ListItem\",\"position\":1,\"name\":\"Portada\",\"item\":\"https:\\\/\\\/hinoodles.es\\\/\"},{\"@type\":\"ListItem\",\"position\":2,\"name\":\"politica_redes\"}]},{\"@type\":\"WebSite\",\"@id\":\"https:\\\/\\\/hinoodles.es\\\/#website\",\"url\":\"https:\\\/\\\/hinoodles.es\\\/\",\"name\":\"hinoodles.es\",\"description\":\"Bienvenido a un nuevo espacio de gusto en Valencia donde un nuevo estilo de comida asi\u00e1tica y tradicional se fusionan.\",\"publisher\":{\"@id\":\"https:\\\/\\\/hinoodles.es\\\/#organization\"},\"potentialAction\":[{\"@type\":\"SearchAction\",\"target\":{\"@type\":\"EntryPoint\",\"urlTemplate\":\"https:\\\/\\\/hinoodles.es\\\/?s={search_term_string}\"},\"query-input\":{\"@type\":\"PropertyValueSpecification\",\"valueRequired\":true,\"valueName\":\"search_term_string\"}}],\"inLanguage\":\"en-US\"},{\"@type\":\"Organization\",\"@id\":\"https:\\\/\\\/hinoodles.es\\\/#organization\",\"name\":\"hinoodles.es\",\"url\":\"https:\\\/\\\/hinoodles.es\\\/\",\"logo\":{\"@type\":\"ImageObject\",\"inLanguage\":\"en-US\",\"@id\":\"https:\\\/\\\/hinoodles.es\\\/#\\\/schema\\\/logo\\\/image\\\/\",\"url\":\"https:\\\/\\\/hinoodles.es\\\/wp-content\\\/uploads\\\/2025\\\/02\\\/Fondo_Hi_noodles.png\",\"contentUrl\":\"https:\\\/\\\/hinoodles.es\\\/wp-content\\\/uploads\\\/2025\\\/02\\\/Fondo_Hi_noodles.png\",\"width\":1728,\"height\":1728,\"caption\":\"hinoodles.es\"},\"image\":{\"@id\":\"https:\\\/\\\/hinoodles.es\\\/#\\\/schema\\\/logo\\\/image\\\/\"},\"sameAs\":[\"https:\\\/\\\/www.instagram.com\\\/hinoodles_valencia\\\/\"]}]}<\/script>\n<!-- \/ Yoast SEO plugin. -->","yoast_head_json":{"title":"politica_redes - Hi Noodles Valencia","robots":{"index":"index","follow":"follow","max-snippet":"max-snippet:-1","max-image-preview":"max-image-preview:large","max-video-preview":"max-video-preview:-1"},"canonical":"https:\/\/hinoodles.es\/en\/politica_redes\/","og_locale":"en_US","og_type":"article","og_title":"politica_redes - Hi Noodles Valencia","og_description":"Pol\u00edtica redes sociales Pol\u00edtica de Redes Sociales 1. Objetivo Esta pol\u00edtica regula el uso de redes sociales por parte de empleados y usuarios en relaci\u00f3n con Asian Foods Hinoodles S.L. y su imagen corporativa. 2. Normas de Uso Se debe mantener una conducta respetuosa en todas las interacciones online. No est\u00e1 permitido divulgar informaci\u00f3n confidencial [&hellip;]","og_url":"https:\/\/hinoodles.es\/en\/politica_redes\/","og_site_name":"Hi Noodles Valencia","article_modified_time":"2025-03-05T11:10:13+00:00","twitter_card":"summary_large_image","twitter_misc":{"Est. reading time":"1 minute"},"schema":{"@context":"https:\/\/schema.org","@graph":[{"@type":"WebPage","@id":"https:\/\/hinoodles.es\/politica_redes\/","url":"https:\/\/hinoodles.es\/politica_redes\/","name":"politica_redes - Hi Noodles Valencia","isPartOf":{"@id":"https:\/\/hinoodles.es\/#website"},"datePublished":"2025-03-04T21:17:03+00:00","dateModified":"2025-03-05T11:10:13+00:00","breadcrumb":{"@id":"https:\/\/hinoodles.es\/politica_redes\/#breadcrumb"},"inLanguage":"en-US","potentialAction":[{"@type":"ReadAction","target":["https:\/\/hinoodles.es\/politica_redes\/"]}]},{"@type":"BreadcrumbList","@id":"https:\/\/hinoodles.es\/politica_redes\/#breadcrumb","itemListElement":[{"@type":"ListItem","position":1,"name":"Portada","item":"https:\/\/hinoodles.es\/"},{"@type":"ListItem","position":2,"name":"politica_redes"}]},{"@type":"WebSite","@id":"https:\/\/hinoodles.es\/#website","url":"https:\/\/hinoodles.es\/","name":"hinoodles.es","description":"Bienvenido a un nuevo espacio de gusto en Valencia donde un nuevo estilo de comida asi\u00e1tica y tradicional se fusionan.","publisher":{"@id":"https:\/\/hinoodles.es\/#organization"},"potentialAction":[{"@type":"SearchAction","target":{"@type":"EntryPoint","urlTemplate":"https:\/\/hinoodles.es\/?s={search_term_string}"},"query-input":{"@type":"PropertyValueSpecification","valueRequired":true,"valueName":"search_term_string"}}],"inLanguage":"en-US"},{"@type":"Organization","@id":"https:\/\/hinoodles.es\/#organization","name":"hinoodles.es","url":"https:\/\/hinoodles.es\/","logo":{"@type":"ImageObject","inLanguage":"en-US","@id":"https:\/\/hinoodles.es\/#\/schema\/logo\/image\/","url":"https:\/\/hinoodles.es\/wp-content\/uploads\/2025\/02\/Fondo_Hi_noodles.png","contentUrl":"https:\/\/hinoodles.es\/wp-content\/uploads\/2025\/02\/Fondo_Hi_noodles.png","width":1728,"height":1728,"caption":"hinoodles.es"},"image":{"@id":"https:\/\/hinoodles.es\/#\/schema\/logo\/image\/"},"sameAs":["https:\/\/www.instagram.com\/hinoodles_valencia\/"]}]}},"_links":{"self":[{"href":"https:\/\/hinoodles.es\/en\/wp-json\/wp\/v2\/pages\/2936","targetHints":{"allow":["GET"]}}],"collection":[{"href":"https:\/\/hinoodles.es\/en\/wp-json\/wp\/v2\/pages"}],"about":[{"href":"https:\/\/hinoodles.es\/en\/wp-json\/wp\/v2\/types\/page"}],"author":[{"embeddable":true,"href":"https:\/\/hinoodles.es\/en\/wp-json\/wp\/v2\/users\/1"}],"replies":[{"embeddable":true,"href":"https:\/\/hinoodles.es\/en\/wp-json\/wp\/v2\/comments?post=2936"}],"version-history":[{"count":8,"href":"https:\/\/hinoodles.es\/en\/wp-json\/wp\/v2\/pages\/2936\/revisions"}],"predecessor-version":[{"id":3025,"href":"https:\/\/hinoodles.es\/en\/wp-json\/wp\/v2\/pages\/2936\/revisions\/3025"}],"wp:attachment":[{"href":"https:\/\/hinoodles.es\/en\/wp-json\/wp\/v2\/media?parent=2936"}],"curies":[{"name":"wp","href":"https:\/\/api.w.org\/{rel}","templated":true}]}}