{"id":3004,"date":"2025-03-05T10:57:26","date_gmt":"2025-03-05T10:57:26","guid":{"rendered":"https:\/\/hinoodles.es\/?page_id=3004"},"modified":"2025-11-27T22:08:29","modified_gmt":"2025-11-27T22:08:29","slug":"horario_ubicacion","status":"publish","type":"page","link":"https:\/\/hinoodles.es\/en\/horario_ubicacion\/","title":{"rendered":"horario_ubicacion"},"content":{"rendered":"\t\t<div data-elementor-type=\"wp-page\" data-elementor-id=\"3004\" class=\"elementor elementor-3004\" data-elementor-post-type=\"page\">\n\t\t\t\t<div class=\"elementor-element elementor-element-da84549 e-flex e-con-boxed e-con e-parent\" data-id=\"da84549\" data-element_type=\"container\" data-e-type=\"container\" id=\"contenedor-principal\" data-settings=\"{&quot;background_background&quot;:&quot;slideshow&quot;,&quot;background_motion_fx_translateY_effect&quot;:&quot;yes&quot;,&quot;background_slideshow_gallery&quot;:[{&quot;id&quot;:1243,&quot;url&quot;:&quot;https:\\\/\\\/hinoodles.es\\\/wp-content\\\/uploads\\\/2025\\\/01\\\/603e3ef7-1c22-416c-bfc9-68df4686ed62.jpeg&quot;},{&quot;id&quot;:1244,&quot;url&quot;:&quot;https:\\\/\\\/hinoodles.es\\\/wp-content\\\/uploads\\\/2025\\\/01\\\/985c6dac-c076-41d8-93a2-762eeafb0691.jpeg&quot;},{&quot;id&quot;:1245,&quot;url&quot;:&quot;https:\\\/\\\/hinoodles.es\\\/wp-content\\\/uploads\\\/2025\\\/01\\\/4544eaaf-4d5d-4bb5-b176-cee7b2470eb2.jpeg&quot;},{&quot;id&quot;:1253,&quot;url&quot;:&quot;https:\\\/\\\/hinoodles.es\\\/wp-content\\\/uploads\\\/2025\\\/01\\\/11225309_178-scaled.jpg&quot;},{&quot;id&quot;:1246,&quot;url&quot;:&quot;https:\\\/\\\/hinoodles.es\\\/wp-content\\\/uploads\\\/2025\\\/01\\\/62391e4b-cc9c-4a09-94c2-7a8570390b83.jpeg&quot;}],&quot;background_slideshow_transition_duration&quot;:1000,&quot;background_slideshow_loop&quot;:&quot;yes&quot;,&quot;background_slideshow_slide_duration&quot;:5000,&quot;background_slideshow_slide_transition&quot;:&quot;fade&quot;,&quot;background_motion_fx_translateY_speed&quot;:{&quot;unit&quot;:&quot;px&quot;,&quot;size&quot;:4,&quot;sizes&quot;:[]},&quot;background_motion_fx_translateY_affectedRange&quot;:{&quot;unit&quot;:&quot;%&quot;,&quot;size&quot;:&quot;&quot;,&quot;sizes&quot;:{&quot;start&quot;:0,&quot;end&quot;:100}},&quot;background_motion_fx_devices&quot;:[&quot;desktop&quot;,&quot;tablet&quot;,&quot;mobile&quot;]}\">\n\t\t\t\t\t<div class=\"e-con-inner\">\n\t\t\t\t<div class=\"elementor-element elementor-element-c8885bc contenedor-conocenos elementor-invisible elementor-widget elementor-widget-heading\" data-id=\"c8885bc\" data-element_type=\"widget\" data-e-type=\"widget\" data-settings=\"{&quot;_animation&quot;:&quot;fadeIn&quot;}\" data-widget_type=\"heading.default\">\n\t\t\t\t\t<h1 class=\"elementor-heading-title elementor-size-default\">Horario y Ubicaci\u00f3n<\/h1>\t\t\t\t<\/div>\n\t\t\t\t\t<\/div>\n\t\t\t\t<\/div>\n\t\t<div class=\"elementor-element elementor-element-62d0e56e e-flex e-con-boxed e-con e-parent\" data-id=\"62d0e56e\" data-element_type=\"container\" data-e-type=\"container\" id=\"contenedor-imagen\">\n\t\t\t\t\t<div class=\"e-con-inner\">\n\t\t\t\t<div class=\"elementor-element elementor-element-68e8d7e0 elementor-widget elementor-widget-heading\" data-id=\"68e8d7e0\" data-element_type=\"widget\" data-e-type=\"widget\" data-widget_type=\"heading.default\">\n\t\t\t\t\t<h2 class=\"elementor-heading-title elementor-size-default\">Te esperamos<\/h2>\t\t\t\t<\/div>\n\t\t\t\t<div class=\"elementor-element elementor-element-2220805a elementor-widget elementor-widget-heading\" data-id=\"2220805a\" data-element_type=\"widget\" data-e-type=\"widget\" data-widget_type=\"heading.default\">\n\t\t\t\t\t<h3 class=\"elementor-heading-title elementor-size-default\">Descubre el a\u00fatentico sabor de China<\/h3>\t\t\t\t<\/div>\n\t\t\t\t<div class=\"elementor-element elementor-element-23a8795e elementor-widget elementor-widget-menu-anchor\" data-id=\"23a8795e\" data-element_type=\"widget\" data-e-type=\"widget\" data-widget_type=\"menu-anchor.default\">\n\t\t\t\t\t\t\t<div class=\"elementor-menu-anchor\" id=\"ubicacion\"><\/div>\n\t\t\t\t\t\t<\/div>\n\t\t<div class=\"elementor-element elementor-element-77234d56 e-con-full e-flex e-con e-child\" data-id=\"77234d56\" data-element_type=\"container\" data-e-type=\"container\">\n\t\t<div class=\"elementor-element elementor-element-4c38d5ad e-con-full e-flex e-con e-child\" data-id=\"4c38d5ad\" data-element_type=\"container\" data-e-type=\"container\">\n\t\t<div class=\"elementor-element elementor-element-7230a8d1 e-con-full e-flex e-con e-child\" data-id=\"7230a8d1\" data-element_type=\"container\" data-e-type=\"container\">\n\t\t\t\t<div class=\"elementor-element elementor-element-12311ac6 elementor-widget elementor-widget-heading\" data-id=\"12311ac6\" data-element_type=\"widget\" data-e-type=\"widget\" data-widget_type=\"heading.default\">\n\t\t\t\t\t<h3 class=\"elementor-heading-title elementor-size-default\">C\u00f3mo llegar<\/h3>\t\t\t\t<\/div>\n\t\t\t\t<div class=\"elementor-element elementor-element-6adef807 elementor-widget elementor-widget-heading\" data-id=\"6adef807\" data-element_type=\"widget\" data-e-type=\"widget\" data-widget_type=\"heading.default\">\n\t\t\t\t\t<h5 class=\"elementor-heading-title elementor-size-default\">Av. de Pius XII, 1, Campanar, 46009<br \/>\nVal\u00e8ncia, Valencia.<\/h5>\t\t\t\t<\/div>\n\t\t\t\t<div class=\"elementor-element elementor-element-2479a831 elementor-widget elementor-widget-heading\" data-id=\"2479a831\" data-element_type=\"widget\" data-e-type=\"widget\" data-widget_type=\"heading.default\">\n\t\t\t\t\t<h3 class=\"elementor-heading-title elementor-size-default\">Horarios<\/h3>\t\t\t\t<\/div>\n\t\t\t\t<\/div>\n\t\t<div class=\"elementor-element elementor-element-25a4787c e-con-full e-flex e-con e-child\" data-id=\"25a4787c\" data-element_type=\"container\" data-e-type=\"container\">\n\t\t<div class=\"elementor-element elementor-element-2d697d53 e-con-full e-flex e-con e-child\" data-id=\"2d697d53\" data-element_type=\"container\" data-e-type=\"container\">\n\t\t\t\t<div class=\"elementor-element elementor-element-2a392a75 elementor-widget elementor-widget-heading\" data-id=\"2a392a75\" data-element_type=\"widget\" data-e-type=\"widget\" data-widget_type=\"heading.default\">\n\t\t\t\t\t<h4 class=\"elementor-heading-title elementor-size-default\">Comidas<\/h4>\t\t\t\t<\/div>\n\t\t\t\t<div class=\"elementor-element elementor-element-7298e3d0 elementor-widget elementor-widget-heading\" data-id=\"7298e3d0\" data-element_type=\"widget\" data-e-type=\"widget\" data-widget_type=\"heading.default\">\n\t\t\t\t\t<h4 class=\"elementor-heading-title elementor-size-default\">L-D 12:30 - 16:30<\/h4>\t\t\t\t<\/div>\n\t\t\t\t<\/div>\n\t\t<div class=\"elementor-element elementor-element-4cd37bba e-con-full e-flex e-con e-child\" data-id=\"4cd37bba\" data-element_type=\"container\" data-e-type=\"container\">\n\t\t\t\t<div class=\"elementor-element elementor-element-618f14ab elementor-widget elementor-widget-heading\" data-id=\"618f14ab\" data-element_type=\"widget\" data-e-type=\"widget\" data-widget_type=\"heading.default\">\n\t\t\t\t\t<h4 class=\"elementor-heading-title elementor-size-default\">Cenas<\/h4>\t\t\t\t<\/div>\n\t\t\t\t<div class=\"elementor-element elementor-element-15b33a55 elementor-widget elementor-widget-heading\" data-id=\"15b33a55\" data-element_type=\"widget\" data-e-type=\"widget\" data-widget_type=\"heading.default\">\n\t\t\t\t\t<h4 class=\"elementor-heading-title elementor-size-default\">L-D 19:00 - 23:30<\/h4>\t\t\t\t<\/div>\n\t\t\t\t<\/div>\n\t\t\t\t<\/div>\n\t\t\t\t<\/div>\n\t\t<div class=\"elementor-element elementor-element-a3f578 e-con-full e-flex e-con e-child\" data-id=\"a3f578\" data-element_type=\"container\" data-e-type=\"container\">\n\t\t\t\t<div class=\"elementor-element elementor-element-6da582cf elementor-widget elementor-widget-google_maps\" data-id=\"6da582cf\" data-element_type=\"widget\" data-e-type=\"widget\" data-widget_type=\"google_maps.default\">\n\t\t\t\t\t\t\t<div class=\"elementor-custom-embed\">\n\t\t\t<iframe loading=\"lazy\"\n\t\t\t\t\tsrc=\"https:\/\/maps.google.com\/maps?q=Hi%20noodles%20valencia&#038;t=m&#038;z=18&#038;output=embed&#038;iwloc=near\"\n\t\t\t\t\ttitle=\"Hi noodles valencia\"\n\t\t\t\t\taria-label=\"Hi noodles valencia\"\n\t\t\t><\/iframe>\n\t\t<\/div>\n\t\t\t\t\t\t<\/div>\n\t\t\t\t<\/div>\n\t\t\t\t<\/div>\n\t\t\t\t\t<\/div>\n\t\t\t\t<\/div>\n\t\t\t\t<\/div>\n\t\t","protected":false},"excerpt":{"rendered":"<p>Horario y Ubicaci\u00f3n Te esperamos Descubre el a\u00fatentico sabor de China C\u00f3mo llegar Av. de Pius XII, 1, Campanar, 46009 Val\u00e8ncia, Valencia. Horarios Comidas L-D 12:30 &#8211; 16:30 Cenas L-D 19:00 &#8211; 23:30<\/p>","protected":false},"author":1,"featured_media":0,"parent":0,"menu_order":0,"comment_status":"closed","ping_status":"closed","template":"","meta":{"_acf_changed":false,"site-sidebar-layout":"no-sidebar","site-content-layout":"page-builder","ast-site-content-layout":"full-width-container","site-content-style":"default","site-sidebar-style":"default","ast-global-header-display":"","ast-banner-title-visibility":"","ast-main-header-display":"","ast-hfb-above-header-display":"","ast-hfb-below-header-display":"","ast-hfb-mobile-header-display":"","site-post-title":"disabled","ast-breadcrumbs-content":"","ast-featured-img":"disabled","footer-sml-layout":"","ast-disable-related-posts":"","theme-transparent-header-meta":"","adv-header-id-meta":"","stick-header-meta":"","header-above-stick-meta":"","header-main-stick-meta":"","header-below-stick-meta":"","astra-migrate-meta-layouts":"set","ast-page-background-enabled":"default","ast-page-background-meta":{"desktop":{"background-color":"var(--ast-global-color-4)","background-image":"","background-repeat":"repeat","background-position":"center center","background-size":"auto","background-attachment":"scroll","background-type":"","background-media":"","overlay-type":"","overlay-color":"","overlay-opacity":"","overlay-gradient":""},"tablet":{"background-color":"","background-image":"","background-repeat":"repeat","background-position":"center center","background-size":"auto","background-attachment":"scroll","background-type":"","background-media":"","overlay-type":"","overlay-color":"","overlay-opacity":"","overlay-gradient":""},"mobile":{"background-color":"","background-image":"","background-repeat":"repeat","background-position":"center center","background-size":"auto","background-attachment":"scroll","background-type":"","background-media":"","overlay-type":"","overlay-color":"","overlay-opacity":"","overlay-gradient":""}},"ast-content-background-meta":{"desktop":{"background-color":"var(--ast-global-color-5)","background-image":"","background-repeat":"repeat","background-position":"center center","background-size":"auto","background-attachment":"scroll","background-type":"","background-media":"","overlay-type":"","overlay-color":"","overlay-opacity":"","overlay-gradient":""},"tablet":{"background-color":"var(--ast-global-color-5)","background-image":"","background-repeat":"repeat","background-position":"center center","background-size":"auto","background-attachment":"scroll","background-type":"","background-media":"","overlay-type":"","overlay-color":"","overlay-opacity":"","overlay-gradient":""},"mobile":{"background-color":"var(--ast-global-color-5)","background-image":"","background-repeat":"repeat","background-position":"center center","background-size":"auto","background-attachment":"scroll","background-type":"","background-media":"","overlay-type":"","overlay-color":"","overlay-opacity":"","overlay-gradient":""}},"footnotes":""},"class_list":["post-3004","page","type-page","status-publish","hentry"],"acf":[],"yoast_head":"<!-- This site is optimized with the Yoast SEO plugin v27.4 - https:\/\/yoast.com\/product\/yoast-seo-wordpress\/ -->\n<title>horario_ubicacion - Hi Noodles Valencia<\/title>\n<meta name=\"robots\" content=\"index, follow, max-snippet:-1, max-image-preview:large, max-video-preview:-1\" \/>\n<link rel=\"canonical\" href=\"https:\/\/hinoodles.es\/en\/horario_ubicacion\/\" \/>\n<meta property=\"og:locale\" content=\"en_US\" \/>\n<meta property=\"og:type\" content=\"article\" \/>\n<meta property=\"og:title\" content=\"horario_ubicacion - Hi Noodles Valencia\" \/>\n<meta property=\"og:description\" content=\"Horario y Ubicaci\u00f3n Te esperamos Descubre el a\u00fatentico sabor de China C\u00f3mo llegar Av. de Pius XII, 1, Campanar, 46009 Val\u00e8ncia, Valencia. Horarios Comidas L-D 12:30 &#8211; 16:30 Cenas L-D 19:00 &#8211; 23:30\" \/>\n<meta property=\"og:url\" content=\"https:\/\/hinoodles.es\/en\/horario_ubicacion\/\" \/>\n<meta property=\"og:site_name\" content=\"Hi Noodles Valencia\" \/>\n<meta property=\"article:modified_time\" content=\"2025-11-27T22:08:29+00:00\" \/>\n<meta name=\"twitter:card\" content=\"summary_large_image\" \/>\n<meta name=\"twitter:label1\" content=\"Est. reading time\" \/>\n\t<meta name=\"twitter:data1\" content=\"1 minute\" \/>\n<script type=\"application\/ld+json\" class=\"yoast-schema-graph\">{\"@context\":\"https:\\\/\\\/schema.org\",\"@graph\":[{\"@type\":\"WebPage\",\"@id\":\"https:\\\/\\\/hinoodles.es\\\/horario_ubicacion\\\/\",\"url\":\"https:\\\/\\\/hinoodles.es\\\/horario_ubicacion\\\/\",\"name\":\"horario_ubicacion - Hi Noodles Valencia\",\"isPartOf\":{\"@id\":\"https:\\\/\\\/hinoodles.es\\\/#website\"},\"datePublished\":\"2025-03-05T10:57:26+00:00\",\"dateModified\":\"2025-11-27T22:08:29+00:00\",\"breadcrumb\":{\"@id\":\"https:\\\/\\\/hinoodles.es\\\/horario_ubicacion\\\/#breadcrumb\"},\"inLanguage\":\"en-US\",\"potentialAction\":[{\"@type\":\"ReadAction\",\"target\":[\"https:\\\/\\\/hinoodles.es\\\/horario_ubicacion\\\/\"]}]},{\"@type\":\"BreadcrumbList\",\"@id\":\"https:\\\/\\\/hinoodles.es\\\/horario_ubicacion\\\/#breadcrumb\",\"itemListElement\":[{\"@type\":\"ListItem\",\"position\":1,\"name\":\"Portada\",\"item\":\"https:\\\/\\\/hinoodles.es\\\/\"},{\"@type\":\"ListItem\",\"position\":2,\"name\":\"horario_ubicacion\"}]},{\"@type\":\"WebSite\",\"@id\":\"https:\\\/\\\/hinoodles.es\\\/#website\",\"url\":\"https:\\\/\\\/hinoodles.es\\\/\",\"name\":\"hinoodles.es\",\"description\":\"Bienvenido a un nuevo espacio de gusto en Valencia donde un nuevo estilo de comida asi\u00e1tica y tradicional se fusionan.\",\"publisher\":{\"@id\":\"https:\\\/\\\/hinoodles.es\\\/#organization\"},\"potentialAction\":[{\"@type\":\"SearchAction\",\"target\":{\"@type\":\"EntryPoint\",\"urlTemplate\":\"https:\\\/\\\/hinoodles.es\\\/?s={search_term_string}\"},\"query-input\":{\"@type\":\"PropertyValueSpecification\",\"valueRequired\":true,\"valueName\":\"search_term_string\"}}],\"inLanguage\":\"en-US\"},{\"@type\":\"Organization\",\"@id\":\"https:\\\/\\\/hinoodles.es\\\/#organization\",\"name\":\"hinoodles.es\",\"url\":\"https:\\\/\\\/hinoodles.es\\\/\",\"logo\":{\"@type\":\"ImageObject\",\"inLanguage\":\"en-US\",\"@id\":\"https:\\\/\\\/hinoodles.es\\\/#\\\/schema\\\/logo\\\/image\\\/\",\"url\":\"https:\\\/\\\/hinoodles.es\\\/wp-content\\\/uploads\\\/2025\\\/02\\\/Fondo_Hi_noodles.png\",\"contentUrl\":\"https:\\\/\\\/hinoodles.es\\\/wp-content\\\/uploads\\\/2025\\\/02\\\/Fondo_Hi_noodles.png\",\"width\":1728,\"height\":1728,\"caption\":\"hinoodles.es\"},\"image\":{\"@id\":\"https:\\\/\\\/hinoodles.es\\\/#\\\/schema\\\/logo\\\/image\\\/\"},\"sameAs\":[\"https:\\\/\\\/www.instagram.com\\\/hinoodles_valencia\\\/\"]}]}<\/script>\n<!-- \/ Yoast SEO plugin. -->","yoast_head_json":{"title":"horario_ubicacion - Hi Noodles Valencia","robots":{"index":"index","follow":"follow","max-snippet":"max-snippet:-1","max-image-preview":"max-image-preview:large","max-video-preview":"max-video-preview:-1"},"canonical":"https:\/\/hinoodles.es\/en\/horario_ubicacion\/","og_locale":"en_US","og_type":"article","og_title":"horario_ubicacion - Hi Noodles Valencia","og_description":"Horario y Ubicaci\u00f3n Te esperamos Descubre el a\u00fatentico sabor de China C\u00f3mo llegar Av. de Pius XII, 1, Campanar, 46009 Val\u00e8ncia, Valencia. Horarios Comidas L-D 12:30 &#8211; 16:30 Cenas L-D 19:00 &#8211; 23:30","og_url":"https:\/\/hinoodles.es\/en\/horario_ubicacion\/","og_site_name":"Hi Noodles Valencia","article_modified_time":"2025-11-27T22:08:29+00:00","twitter_card":"summary_large_image","twitter_misc":{"Est. reading time":"1 minute"},"schema":{"@context":"https:\/\/schema.org","@graph":[{"@type":"WebPage","@id":"https:\/\/hinoodles.es\/horario_ubicacion\/","url":"https:\/\/hinoodles.es\/horario_ubicacion\/","name":"horario_ubicacion - Hi Noodles Valencia","isPartOf":{"@id":"https:\/\/hinoodles.es\/#website"},"datePublished":"2025-03-05T10:57:26+00:00","dateModified":"2025-11-27T22:08:29+00:00","breadcrumb":{"@id":"https:\/\/hinoodles.es\/horario_ubicacion\/#breadcrumb"},"inLanguage":"en-US","potentialAction":[{"@type":"ReadAction","target":["https:\/\/hinoodles.es\/horario_ubicacion\/"]}]},{"@type":"BreadcrumbList","@id":"https:\/\/hinoodles.es\/horario_ubicacion\/#breadcrumb","itemListElement":[{"@type":"ListItem","position":1,"name":"Portada","item":"https:\/\/hinoodles.es\/"},{"@type":"ListItem","position":2,"name":"horario_ubicacion"}]},{"@type":"WebSite","@id":"https:\/\/hinoodles.es\/#website","url":"https:\/\/hinoodles.es\/","name":"hinoodles.es","description":"Bienvenido a un nuevo espacio de gusto en Valencia donde un nuevo estilo de comida asi\u00e1tica y tradicional se fusionan.","publisher":{"@id":"https:\/\/hinoodles.es\/#organization"},"potentialAction":[{"@type":"SearchAction","target":{"@type":"EntryPoint","urlTemplate":"https:\/\/hinoodles.es\/?s={search_term_string}"},"query-input":{"@type":"PropertyValueSpecification","valueRequired":true,"valueName":"search_term_string"}}],"inLanguage":"en-US"},{"@type":"Organization","@id":"https:\/\/hinoodles.es\/#organization","name":"hinoodles.es","url":"https:\/\/hinoodles.es\/","logo":{"@type":"ImageObject","inLanguage":"en-US","@id":"https:\/\/hinoodles.es\/#\/schema\/logo\/image\/","url":"https:\/\/hinoodles.es\/wp-content\/uploads\/2025\/02\/Fondo_Hi_noodles.png","contentUrl":"https:\/\/hinoodles.es\/wp-content\/uploads\/2025\/02\/Fondo_Hi_noodles.png","width":1728,"height":1728,"caption":"hinoodles.es"},"image":{"@id":"https:\/\/hinoodles.es\/#\/schema\/logo\/image\/"},"sameAs":["https:\/\/www.instagram.com\/hinoodles_valencia\/"]}]}},"_links":{"self":[{"href":"https:\/\/hinoodles.es\/en\/wp-json\/wp\/v2\/pages\/3004","targetHints":{"allow":["GET"]}}],"collection":[{"href":"https:\/\/hinoodles.es\/en\/wp-json\/wp\/v2\/pages"}],"about":[{"href":"https:\/\/hinoodles.es\/en\/wp-json\/wp\/v2\/types\/page"}],"author":[{"embeddable":true,"href":"https:\/\/hinoodles.es\/en\/wp-json\/wp\/v2\/users\/1"}],"replies":[{"embeddable":true,"href":"https:\/\/hinoodles.es\/en\/wp-json\/wp\/v2\/comments?post=3004"}],"version-history":[{"count":43,"href":"https:\/\/hinoodles.es\/en\/wp-json\/wp\/v2\/pages\/3004\/revisions"}],"predecessor-version":[{"id":5263,"href":"https:\/\/hinoodles.es\/en\/wp-json\/wp\/v2\/pages\/3004\/revisions\/5263"}],"wp:attachment":[{"href":"https:\/\/hinoodles.es\/en\/wp-json\/wp\/v2\/media?parent=3004"}],"curies":[{"name":"wp","href":"https:\/\/api.w.org\/{rel}","templated":true}]}}